{"id":1033,"date":"2019-11-06T09:31:28","date_gmt":"2019-11-06T09:31:28","guid":{"rendered":"https:\/\/www.ideaclinic.net\/tr\/?page_id=1033"},"modified":"2025-07-17T09:47:13","modified_gmt":"2025-07-17T09:47:13","slug":"iletisim","status":"publish","type":"page","link":"https:\/\/www.ideaclinic.net\/tr\/iletisim\/","title":{"rendered":"\u0130leti\u015fim"},"content":{"rendered":"<p class=\"has-text-align-center\"><strong>\u0130dea Clinic \u0130stanbul <\/strong><\/p>\n\n\n\n<p class=\"has-text-align-center\"><strong>Bak\u0131rk\u00f6y \u015eube <\/strong><\/p>\n\n\n\n<p class=\"has-text-align-center\"><strong>Adres<\/strong><\/p>\n\n\n\n<p class=\"has-text-align-center\">\n\nZeytinlik, Yakut Sk. 24\/3, 34140 Bak\u0131rk\u00f6y\/\u0130stanbul\n\n<\/p>\n\n\n\n<p class=\"has-text-align-center\"><strong>\u0130leti\u015fim <\/strong><\/p>\n\n\n\n<p class=\"has-text-align-center\">0542 621 08 88<\/p>\n\n\n\n<p><\/p>","protected":false},"excerpt":{"rendered":"<p>\u0130dea Clinic \u0130stanbul Bak\u0131rk\u00f6y \u015eube Adres Zeytinlik, Yakut Sk. 24\/3, 34140 Bak\u0131rk\u00f6y\/\u0130stanbul \u0130leti\u015fim 0542 621 08 88<\/p>\n","protected":false},"author":2,"featured_media":0,"parent":0,"menu_order":0,"comment_status":"closed","ping_status":"closed","template":"","meta":{"footnotes":""},"class_list":["post-1033","page","type-page","status-publish",""],"_links":{"self":[{"href":"https:\/\/www.ideaclinic.net\/tr\/wp-json\/wp\/v2\/pages\/1033","targetHints":{"allow":["GET"]}}],"collection":[{"href":"https:\/\/www.ideaclinic.net\/tr\/wp-json\/wp\/v2\/pages"}],"about":[{"href":"https:\/\/www.ideaclinic.net\/tr\/wp-json\/wp\/v2\/types\/page"}],"author":[{"embeddable":true,"href":"https:\/\/www.ideaclinic.net\/tr\/wp-json\/wp\/v2\/users\/2"}],"replies":[{"embeddable":true,"href":"https:\/\/www.ideaclinic.net\/tr\/wp-json\/wp\/v2\/comments?post=1033"}],"version-history":[{"count":9,"href":"https:\/\/www.ideaclinic.net\/tr\/wp-json\/wp\/v2\/pages\/1033\/revisions"}],"predecessor-version":[{"id":1103,"href":"https:\/\/www.ideaclinic.net\/tr\/wp-json\/wp\/v2\/pages\/1033\/revisions\/1103"}],"wp:attachment":[{"href":"https:\/\/www.ideaclinic.net\/tr\/wp-json\/wp\/v2\/media?parent=1033"}],"curies":[{"name":"wp","href":"https:\/\/api.w.org\/{rel}","templated":true}]}}